{"id":6982,"date":"2022-04-25T17:25:03","date_gmt":"2022-04-25T17:25:03","guid":{"rendered":"https:\/\/www.martinaciaccio.com\/shop\/uncategorized\/anello-suttasupra\/"},"modified":"2022-04-25T17:25:03","modified_gmt":"2022-04-25T17:25:03","slug":"anello-suttasupra","status":"publish","type":"product","link":"https:\/\/www.martinaciaccio.com\/en\/shop\/duci-en\/anello-suttasupra\/","title":{"rendered":"Anello Suttasupra"},"content":{"rendered":"<p>DUCI jewelry di Martina Ciaccio \u00e8 la collezione di gioielli di design che \u00e8 il frutto di una lunga e attenta ricerca che nasce per una fortunata casualit\u00e0. La prima collezione di design mi vede coinvolta nello studio di complementi e accessori per la casa. La scelta coraggiosa del materiale utilizzato, il marmo, mi spinge a trovare soluzioni stilistiche e tecniche che si riveleranno efficaci.<\/p>\n<p>Il profondo sentimento di legame con la mia Sicilia e l\u2019importanza storica che ci caratterizza sono fonti d\u2019ispirazione per la mia produzione. Il marmo \u00e8 una delle pietre pi\u00f9 antiche e preziose, apprezzato nel mondo dell\u2019arte per il suo aspetto, la sua solidit\u00e0 e duttilit\u00e0 fortemente presente nel nostro sottosuolo, e continuamente utilizzato per costruire gli edifici pi\u00f9 importanti per via della sua bellezza e durata, pietra sempre presente anche nelle nostre dimore. La mia attenzione viene rapita da queste informazioni che mi spingono a sceglierlo come materia prima per le mie collezioni per la casa.<\/p>\n<p>La risposta che il lavoro svolto, atto alla ricerca di un mio stile che fosse anche rappresentativo di un territorio, \u00e8 arrivata con i riconoscimenti ottenuti quando viene esposta al museo d\u2019arte moderna di Palermo in occasione di \u201cBIAS 2018 Biennale Internazionale di Arte Contemporanea Sacra delle religioni e credenze dell\u2019umanit\u00e0, prima ed unica Biennale transnazionale di arte contemporanea, presentato da Wish, World International Sicilian Heritage, evento collaterale presentato alla 57ma Biennale d\u2019Arte di Venezia 2017,che \u00e8 stata ambientata tra i poli museali, palazzi, chiese ed oratori nel centro storico di Palermo con opere di 100 artisti internazionali appositamente selezionati.<\/p>\n<p>Il marmo deriva il suo nome dal greco marmaros, che significa &#8220;pietra splendente&#8221;. Non \u00e8 casuale il rapporto tra l\u2019esperienza della collezione di complementi con quella dei gioielli. Al contrario, ne \u00e8 responsabile ed \u00e8 l\u2019ineluttabile conseguenza. Il mio essere donna, esteta, amante della bellezza e guidata da una imprescindibile vanit\u00e0, guida il processo lavorativo verso il bisogno di appagare il desiderio di poter godere del frutto della ricerca.<\/p>\n<p>Come per incanto mi viene l\u2019idea di trasformare gli oggetti creati in marmo, in un materiale altrettanto prezioso e plasmabile ma che fosse indossabile. Nasce Duci il gioiello di design da indossare che vuole essere icona di un territorio meraviglioso, contrastato e proprio per questo apprezzato nel mondo.<\/p>\n","protected":false},"excerpt":{"rendered":"<p>DUCI jewelry di Martina Ciaccio \u00e8 la collezione di gioielli di design che \u00e8 il frutto di una lunga e attenta ricerca che nasce per una fortunata casualit\u00e0. La prima collezione di design mi vede coinvolta nello studio di complementi e accessori per la casa. La scelta coraggiosa del materiale utilizzato, il marmo, mi spinge [&hellip;]<\/p>\n","protected":false},"featured_media":6984,"comment_status":"closed","ping_status":"closed","template":"","meta":[],"product_brand":[],"product_cat":[106],"product_tag":[],"class_list":{"0":"post-6982","1":"product","2":"type-product","3":"status-publish","4":"has-post-thumbnail","6":"product_cat-duci-en","8":"first","9":"instock","10":"taxable","11":"shipping-taxable","12":"purchasable","13":"product-type-simple"},"_links":{"self":[{"href":"https:\/\/www.martinaciaccio.com\/en\/wp-json\/wp\/v2\/product\/6982","targetHints":{"allow":["GET"]}}],"collection":[{"href":"https:\/\/www.martinaciaccio.com\/en\/wp-json\/wp\/v2\/product"}],"about":[{"href":"https:\/\/www.martinaciaccio.com\/en\/wp-json\/wp\/v2\/types\/product"}],"replies":[{"embeddable":true,"href":"https:\/\/www.martinaciaccio.com\/en\/wp-json\/wp\/v2\/comments?post=6982"}],"wp:featuredmedia":[{"embeddable":true,"href":"https:\/\/www.martinaciaccio.com\/en\/wp-json\/wp\/v2\/media\/6984"}],"wp:attachment":[{"href":"https:\/\/www.martinaciaccio.com\/en\/wp-json\/wp\/v2\/media?parent=6982"}],"wp:term":[{"taxonomy":"product_brand","embeddable":true,"href":"https:\/\/www.martinaciaccio.com\/en\/wp-json\/wp\/v2\/product_brand?post=6982"},{"taxonomy":"product_cat","embeddable":true,"href":"https:\/\/www.martinaciaccio.com\/en\/wp-json\/wp\/v2\/product_cat?post=6982"},{"taxonomy":"product_tag","embeddable":true,"href":"https:\/\/www.martinaciaccio.com\/en\/wp-json\/wp\/v2\/product_tag?post=6982"}],"curies":[{"name":"wp","href":"https:\/\/api.w.org\/{rel}","templated":true}]}}